{"id":4588,"date":"2025-07-28T15:09:54","date_gmt":"2025-07-28T12:09:54","guid":{"rendered":"https:\/\/fieratur.novai.com.tr\/fair-services\/"},"modified":"2025-07-30T11:44:06","modified_gmt":"2025-07-30T08:44:06","slug":"fair-services","status":"publish","type":"page","link":"https:\/\/fieratur.novai.com.tr\/en\/fair-services\/","title":{"rendered":"Fair Services"},"content":{"rendered":"<div class=\"fusion-fullwidth fullwidth-box fusion-builder-row-1 fusion-flex-container has-pattern-background has-mask-background nonhundred-percent-fullwidth non-hundred-percent-height-scrolling\" style=\"--awb-border-radius-top-left:0px;--awb-border-radius-top-right:0px;--awb-border-radius-bottom-right:0px;--awb-border-radius-bottom-left:0px;--awb-flex-wrap:wrap;\" ><div class=\"fusion-builder-row fusion-row fusion-flex-align-items-flex-start fusion-flex-content-wrap\" style=\"max-width:1414.4px;margin-left: calc(-4% \/ 2 );margin-right: calc(-4% \/ 2 );\"><div class=\"fusion-layout-column fusion_builder_column fusion-builder-column-0 fusion_builder_column_1_1 1_1 fusion-flex-column\" style=\"--awb-bg-size:cover;--awb-width-large:100%;--awb-margin-top-large:0px;--awb-spacing-right-large:1.92%;--awb-margin-bottom-large:20px;--awb-spacing-left-large:1.92%;--awb-width-medium:100%;--awb-order-medium:0;--awb-spacing-right-medium:1.92%;--awb-spacing-left-medium:1.92%;--awb-width-small:100%;--awb-order-small:0;--awb-spacing-right-small:1.92%;--awb-spacing-left-small:1.92%;\"><div class=\"fusion-column-wrapper fusion-column-has-shadow fusion-flex-justify-content-flex-start fusion-content-layout-column\"><div class=\"fusion-title title fusion-title-1 fusion-sep-none fusion-title-center fusion-title-text fusion-title-size-one\" style=\"--awb-text-color:var(--awb-color4);\"><h1 class=\"fusion-title-heading title-heading-center\" style=\"margin:0;text-transform:none;\">Fair Services<\/h1><\/div><\/div><\/div><div class=\"fusion-layout-column fusion_builder_column fusion-builder-column-1 fusion_builder_column_1_1 1_1 fusion-flex-column\" style=\"--awb-bg-size:cover;--awb-width-large:100%;--awb-margin-top-large:0px;--awb-spacing-right-large:1.92%;--awb-margin-bottom-large:20px;--awb-spacing-left-large:1.92%;--awb-width-medium:100%;--awb-order-medium:0;--awb-spacing-right-medium:1.92%;--awb-spacing-left-medium:1.92%;--awb-width-small:100%;--awb-order-small:0;--awb-spacing-right-small:1.92%;--awb-spacing-left-small:1.92%;\"><div class=\"fusion-column-wrapper fusion-column-has-shadow fusion-flex-justify-content-flex-start fusion-content-layout-column\"><div class=\"fusion-text fusion-text-1\"><p>Please fill out the form below completely so that we can plan a special service for the fair organization you want to attend.<\/p>\n<p>From this area; You <strong>can choose the fair you plan to attend<\/strong>, share <strong>your company information<\/strong> , and specify <strong>the number of exhibitors<\/strong> .<\/p>\n<p>In line with the information you provide to us, you will be offered a <strong>personalized offer<\/strong> for the most suitable transportation, accommodation, visa and fairground services.<\/p>\n<\/div><\/div><\/div><div class=\"fusion-layout-column fusion_builder_column fusion-builder-column-2 fusion_builder_column_1_1 1_1 fusion-flex-column\" style=\"--awb-bg-size:cover;--awb-width-large:100%;--awb-margin-top-large:0px;--awb-spacing-right-large:1.92%;--awb-margin-bottom-large:20px;--awb-spacing-left-large:1.92%;--awb-width-medium:100%;--awb-order-medium:0;--awb-spacing-right-medium:1.92%;--awb-spacing-left-medium:1.92%;--awb-width-small:100%;--awb-order-small:0;--awb-spacing-right-small:1.92%;--awb-spacing-left-small:1.92%;\"><div class=\"fusion-column-wrapper fusion-column-has-shadow fusion-flex-justify-content-flex-start fusion-content-layout-column\"><div class=\"fusion-form fusion-form-builder fusion-form-form-wrapper fusion-form-4577 has-icon-alignment\" style=\"--awb-tooltip-text-color:var(--awb-color6);--awb-tooltip-background-color:var(--awb-color1);--awb-form-input-height:52px;--awb-form-bg-color:hsla(var(--awb-color8-h),var(--awb-color8-s),var(--awb-color8-l),calc(var(--awb-color8-a) - 95%));--awb-form-font-size:17px;--awb-form-placeholder-color:var(--awb-color3);--awb-form-text-color:var(--awb-color8);--awb-form-label-color:var(--awb-color8);--awb-form-border-width-top:1px;--awb-form-border-width-bottom:1px;--awb-form-border-width-right:1px;--awb-form-border-width-left:1px;--awb-form-border-color:var(--awb-color2);--awb-form-focus-border-color:var(--awb-color8);--awb-form-focus-border-hover-color:hsla(var(--awb-color8-h),var(--awb-color8-s),var(--awb-color8-l),calc(var(--awb-color8-a) - 50%));--awb-icon-alignment-top:1px;--awb-icon-alignment-bottom:1px;--awb-icon-alignment-font-size:17px;\" data-form-id=\"4577\" data-config=\"{&quot;form_id&quot;:4577,&quot;form_post_id&quot;:4577,&quot;post_id&quot;:4588,&quot;form_type&quot;:&quot;ajax&quot;,&quot;confirmation_type&quot;:&quot;message&quot;,&quot;redirect_url&quot;:&quot;&quot;,&quot;field_labels&quot;:{&quot;your_name&quot;:&quot;Name Surname&quot;,&quot;phone_number&quot;:&quot;Telephone number&quot;,&quot;email&quot;:&quot;Email&quot;,&quot;firma_adi&quot;:&quot;Company Name&quot;,&quot;Kat\\u0131lmak_\\u0131sten\\u0131len_fuar&quot;:&quot;The Fair You Want To Attend&quot;,&quot;katilimci_sayisi&quot;:&quot;Number of Participants&quot;,&quot;ek_talepler&quot;:&quot;Ek talepler ve \\u00d6zel notlar&quot;},&quot;field_logics&quot;:{&quot;your_name&quot;:&quot;&quot;,&quot;phone_number&quot;:&quot;&quot;,&quot;email&quot;:&quot;&quot;,&quot;firma_adi&quot;:&quot;&quot;,&quot;Kat\\u0131lmak_\\u0131sten\\u0131len_fuar&quot;:&quot;&quot;,&quot;katilimci_sayisi&quot;:&quot;&quot;,&quot;ek_talepler&quot;:&quot;&quot;,&quot;notice_1&quot;:&quot;&quot;},&quot;field_types&quot;:{&quot;your_name&quot;:&quot;text&quot;,&quot;phone_number&quot;:&quot;phone_number&quot;,&quot;email&quot;:&quot;email&quot;,&quot;firma_adi&quot;:&quot;text&quot;,&quot;Kat\\u0131lmak_\\u0131sten\\u0131len_fuar&quot;:&quot;text&quot;,&quot;katilimci_sayisi&quot;:&quot;range&quot;,&quot;ek_talepler&quot;:&quot;text&quot;,&quot;notice_1&quot;:&quot;notice&quot;,&quot;submit_1&quot;:&quot;submit&quot;},&quot;nonce_method&quot;:&quot;ajax&quot;}\"><form action=\"https:\/\/fieratur.novai.com.tr\/en\/fair-services\/\" method=\"post\" class=\"fusion-form fusion-form-4577\"><div class=\"fusion-fullwidth fullwidth-box fusion-builder-row-1-1 fusion-flex-container nonhundred-percent-fullwidth non-hundred-percent-height-scrolling\" style=\"--link_hover_color: #f3b544;--awb-border-sizes-top:0px;--awb-border-sizes-bottom:0px;--awb-border-sizes-left:0px;--awb-border-sizes-right:0px;--awb-border-radius-top-left:0px;--awb-border-radius-top-right:0px;--awb-border-radius-bottom-right:0px;--awb-border-radius-bottom-left:0px;--awb-padding-top:0px;--awb-padding-right:0px;--awb-padding-bottom:0px;--awb-padding-left:0px;--awb-margin-top:0px;--awb-margin-bottom:0px;--awb-flex-wrap:wrap;\" ><div class=\"fusion-builder-row fusion-row fusion-flex-align-items-flex-start fusion-flex-content-wrap\" style=\"width:104% !important;max-width:104% !important;margin-left: calc(-4% \/ 2 );margin-right: calc(-4% \/ 2 );\"><div class=\"fusion-layout-column fusion_builder_column fusion-builder-column-3 fusion_builder_column_1_2 1_2 fusion-flex-column\" style=\"--awb-bg-size:cover;--awb-width-large:50%;--awb-margin-top-large:0px;--awb-spacing-right-large:3.84%;--awb-margin-bottom-large:0px;--awb-spacing-left-large:3.84%;--awb-width-medium:50%;--awb-order-medium:0;--awb-spacing-right-medium:3.84%;--awb-spacing-left-medium:3.84%;--awb-width-small:100%;--awb-order-small:0;--awb-spacing-right-small:1.92%;--awb-spacing-left-small:1.92%;\"><div class=\"fusion-column-wrapper fusion-column-has-shadow fusion-flex-justify-content-flex-start fusion-content-layout-column\"><div class=\"fusion-form-field fusion-form-text-field fusion-form-label-above\" style=\"\" data-form-id=\"4577\"><div class=\"fusion-form-label-wrapper\"><label for=\"your_name\">Name Surname <abbr class=\"fusion-form-element-required\" title=\"required\">*<\/abbr><\/label><\/div><input type=\"text\" name=\"your_name\" id=\"your_name\" value=\"\"  class=\"fusion-form-input\" required=\"true\" aria-required=\"true\" data-holds-private-data=\"false\" minlength=\"0\"\/><\/div><\/div><\/div><div class=\"fusion-layout-column fusion_builder_column fusion-builder-column-4 fusion_builder_column_1_2 1_2 fusion-flex-column\" style=\"--awb-bg-size:cover;--awb-width-large:50%;--awb-margin-top-large:0px;--awb-spacing-right-large:3.84%;--awb-margin-bottom-large:0px;--awb-spacing-left-large:3.84%;--awb-width-medium:50%;--awb-order-medium:0;--awb-spacing-right-medium:3.84%;--awb-spacing-left-medium:3.84%;--awb-width-small:100%;--awb-order-small:0;--awb-spacing-right-small:1.92%;--awb-spacing-left-small:1.92%;\"><div class=\"fusion-column-wrapper fusion-column-has-shadow fusion-flex-justify-content-flex-start fusion-content-layout-column\"><div class=\"fusion-form-field fusion-form-phone-number-field fusion-form-label-above\" style=\"\" data-form-id=\"4577\"><div class=\"fusion-form-label-wrapper\"><label for=\"phone_number\">Telephone number <abbr class=\"fusion-form-element-required\" title=\"required\">*<\/abbr><\/label><\/div><div class=\"fusion-form-input-with-icon\"><i class=\"awb-form-icon fa-phone fas\"><\/i><input type=\"tel\" name=\"phone_number\" id=\"phone_number\" value=\"\"  class=\"fusion-form-input\" required=\"true\" aria-required=\"true\" data-holds-private-data=\"false\"\/><\/div><\/div><\/div><\/div><div class=\"fusion-layout-column fusion_builder_column fusion-builder-column-5 fusion_builder_column_1_1 1_1 fusion-flex-column\" style=\"--awb-bg-size:cover;--awb-width-large:100%;--awb-margin-top-large:0px;--awb-spacing-right-large:1.92%;--awb-margin-bottom-large:0px;--awb-spacing-left-large:1.92%;--awb-width-medium:100%;--awb-order-medium:0;--awb-spacing-right-medium:1.92%;--awb-spacing-left-medium:1.92%;--awb-width-small:100%;--awb-order-small:0;--awb-spacing-right-small:1.92%;--awb-spacing-left-small:1.92%;\"><div class=\"fusion-column-wrapper fusion-column-has-shadow fusion-flex-justify-content-flex-start fusion-content-layout-column\"><div class=\"fusion-form-field fusion-form-email-field fusion-form-label-above\" style=\"\" data-form-id=\"4577\"><div class=\"fusion-form-label-wrapper\"><label for=\"email\">Email<\/label><\/div><div class=\"fusion-form-input-with-icon\"><i class=\"awb-form-icon fa-at fas\"><\/i><input type=\"email\" name=\"email\" id=\"email\" value=\"\"  class=\"fusion-form-input\" data-holds-private-data=\"false\"\/><\/div><\/div><\/div><\/div><div class=\"fusion-layout-column fusion_builder_column fusion-builder-column-6 fusion_builder_column_1_1 1_1 fusion-flex-column\" style=\"--awb-padding-bottom:24px;--awb-bg-size:cover;--awb-width-large:100%;--awb-margin-top-large:0px;--awb-spacing-right-large:1.92%;--awb-margin-bottom-large:20px;--awb-spacing-left-large:1.92%;--awb-width-medium:100%;--awb-order-medium:0;--awb-spacing-right-medium:1.92%;--awb-spacing-left-medium:1.92%;--awb-width-small:100%;--awb-order-small:0;--awb-spacing-right-small:1.92%;--awb-spacing-left-small:1.92%;\"><div class=\"fusion-column-wrapper fusion-column-has-shadow fusion-flex-justify-content-flex-start fusion-content-layout-column\"><div class=\"fusion-form-field fusion-form-text-field fusion-form-label-above\" style=\"\" data-form-id=\"4577\"><div class=\"fusion-form-label-wrapper\"><label for=\"firma_adi\">Company Name<\/label><\/div><input type=\"text\" name=\"firma_adi\" id=\"firma_adi\" value=\"\"  class=\"fusion-form-input\" data-holds-private-data=\"false\" minlength=\"0\"\/><\/div><div class=\"fusion-form-field fusion-form-text-field fusion-form-label-above\" style=\"\" data-form-id=\"4577\"><div class=\"fusion-form-label-wrapper\"><label for=\"Kat\u0131lmak_\u0131sten\u0131len_fuar\">The Fair You Want To Attend <abbr class=\"fusion-form-element-required\" title=\"required\">*<\/abbr><\/label><\/div><input type=\"text\"  data-empty-notice=\"Seyahat Edilecek \u00dclkeyi Girin\" name=\"Kat\u0131lmak_\u0131sten\u0131len_fuar\" id=\"Kat\u0131lmak_\u0131sten\u0131len_fuar\" value=\"\"  class=\"fusion-form-input\" required=\"true\" aria-required=\"true\" data-holds-private-data=\"false\" minlength=\"0\"\/><\/div><div class=\"fusion-form-field fusion-form-range-field fusion-form-label-above\" style=\"\" data-form-id=\"4577\"><label for=\"katilimci_sayisi\">Number of Participants<\/label><div class=\"fusion-form-range-field-container fusion-form-range-field-container-69e27f9b6a395\"><input type=\"text\" tabindex=\"\" min=\"0\" max=\"100\" class=\"fusion-form-range-value\" value=\"0\"\/><input type=\"range\" id=\"katilimci_sayisi\" name=\"katilimci_sayisi\" min=\"0\" max=\"100\" step=\"1\" value=\"0\" class=\"fusion-form-input\" data-holds-private-data=\"false\"\/><\/div><\/div><div class=\"fusion-form-field fusion-form-text-field fusion-form-label-above\" style=\"\" data-form-id=\"4577\"><div class=\"fusion-form-label-wrapper\"><label for=\"ek_talepler\">Ek talepler ve \u00d6zel notlar<\/label><\/div><input type=\"text\" name=\"ek_talepler\" id=\"ek_talepler\" value=\"\"  class=\"fusion-form-input\" data-holds-private-data=\"false\" minlength=\"0\"\/><\/div><\/div><\/div><div class=\"fusion-layout-column fusion_builder_column fusion-builder-column-7 fusion_builder_column_1_1 1_1 fusion-flex-column\" style=\"--awb-bg-size:cover;--awb-width-large:100%;--awb-margin-top-large:0px;--awb-spacing-right-large:1.92%;--awb-margin-bottom-large:0px;--awb-spacing-left-large:1.92%;--awb-width-medium:100%;--awb-order-medium:0;--awb-spacing-right-medium:1.92%;--awb-spacing-left-medium:1.92%;--awb-width-small:100%;--awb-order-small:0;--awb-spacing-right-small:1.92%;--awb-spacing-left-small:1.92%;\"><div class=\"fusion-column-wrapper fusion-column-has-shadow fusion-flex-justify-content-flex-start fusion-content-layout-column\"><div class=\"form-submission-notices data-notice_1\" id=\"fusion-notices-1\"><div class=\"fusion-alert alert success alert-success fusion-alert-center fusion-form-response fusion-form-response-success awb-alert-native-link-color alert-dismissable awb-alert-close-boxed\" role=\"alert\"><div class=\"fusion-alert-content-wrapper\"><span class=\"alert-icon\"><i class=\"awb-icon-check-circle\" aria-hidden=\"true\"><\/i><\/span><span class=\"fusion-alert-content\">The message has been sent.<\/span><\/div><button type=\"button\" class=\"close toggle-alert\" data-dismiss=\"alert\" aria-label=\"Close\">&times;<\/button><\/div><div class=\"fusion-alert alert error alert-danger fusion-alert-center fusion-form-response fusion-form-response-error awb-alert-native-link-color alert-dismissable awb-alert-close-boxed\" role=\"alert\"><div class=\"fusion-alert-content-wrapper\"><span class=\"alert-icon\"><i class=\"awb-icon-exclamation-triangle\" aria-hidden=\"true\"><\/i><\/span><span class=\"fusion-alert-content\">There was a problem sending the message.<\/span><\/div><button type=\"button\" class=\"close toggle-alert\" data-dismiss=\"alert\" aria-label=\"Close\">&times;<\/button><\/div><\/div><div class=\"fusion-form-field fusion-form-submit-field fusion-form-label-above\" style=\"\" data-form-id=\"4577\"><div ><button type=\"submit\" class=\"fusion-button button-flat fusion-button-default-size button-custom fusion-button-default button-1 fusion-button-span-yes  form-form-submit button-default\" style=\"--button_accent_color:#170641;--button_accent_hover_color:#170641;--button_border_hover_color:var(--awb-color1);--button_border_width-top:0px;--button_border_width-right:0px;--button_border_width-bottom:0px;--button_border_width-left:0px;--button-border-radius-top-left:0px;--button-border-radius-top-right:0px;--button-border-radius-bottom-right:0px;--button-border-radius-bottom-left:0px;--button_gradient_top_color:#f3b544;--button_gradient_bottom_color:#f3b544;--button_gradient_top_color_hover:rgba(243,182,68,0.8);--button_gradient_bottom_color_hover:rgba(243,182,68,0.8);--button_text_transform:var(--awb-typography3-text-transform);--button_font_size:var(--awb-typography3-font-size);--button_line_height:var(--awb-typography3-line-height);--button_padding-top:20px;--button_padding-right:32px;--button_padding-bottom:20px;--button_padding-left:32px;--button_typography-letter-spacing:var(--awb-typography3-letter-spacing);--button_typography-font-family:var(--awb-typography3-font-family);--button_typography-font-weight:var(--awb-typography3-font-weight);--button_typography-font-style:var(--awb-typography3-font-style);\" data-form-number=\"4577\" tabindex=\"\"><span class=\"fusion-button-text\">Send<\/span><\/button><\/div><\/div><\/div><\/div><\/div><\/div><input type=\"hidden\" name=\"fusion_privacy_store_ip_ua\" value=\"false\"><input type=\"hidden\" name=\"fusion_privacy_expiration_interval\" value=\"48\"><input type=\"hidden\" name=\"privacy_expiration_action\" value=\"anonymize\"><\/form><\/div><\/div><\/div><\/div><\/div>\n","protected":false},"excerpt":{"rendered":"","protected":false},"author":1,"featured_media":0,"parent":0,"menu_order":0,"comment_status":"closed","ping_status":"closed","template":"100-width.php","meta":{"_price":"","_stock":"","_tribe_ticket_header":"","_tribe_default_ticket_provider":"","_tribe_ticket_capacity":"0","_ticket_start_date":"","_ticket_end_date":"","_tribe_ticket_show_description":"","_tribe_ticket_show_not_going":false,"_tribe_ticket_use_global_stock":"","_tribe_ticket_global_stock_level":"","_global_stock_mode":"","_global_stock_cap":"","_tribe_rsvp_for_event":"","_tribe_ticket_going_count":"","_tribe_ticket_not_going_count":"","_tribe_tickets_list":"[]","_tribe_ticket_has_attendee_info_fields":false,"footnotes":"","_tec_slr_enabled":"","_tec_slr_layout":""},"class_list":["post-4588","page","type-page","status-publish","hentry"],"yoast_head":"<!-- This site is optimized with the Yoast SEO plugin v25.6 - https:\/\/yoast.com\/wordpress\/plugins\/seo\/ -->\n<title>Fair Services - Fiera Tur | Uluslararas\u0131 ve Yurtd\u0131\u015f\u0131 Fuar Turlar\u0131<\/title>\n<meta name=\"description\" content=\"Please fill out the form below completely so that we can plan a special service for the fair organization you want to attend.\" \/>\n<meta name=\"robots\" content=\"index, follow, max-snippet:-1, max-image-preview:large, max-video-preview:-1\" \/>\n<link rel=\"canonical\" href=\"https:\/\/fieratur.novai.com.tr\/en\/fair-services\/\" \/>\n<meta property=\"og:locale\" content=\"en_US\" \/>\n<meta property=\"og:type\" content=\"article\" \/>\n<meta property=\"og:title\" content=\"Fair Services - Fiera Tur | Uluslararas\u0131 ve Yurtd\u0131\u015f\u0131 Fuar Turlar\u0131\" \/>\n<meta property=\"og:description\" content=\"Please fill out the form below completely so that we can plan a special service for the fair organization you want to attend.\" \/>\n<meta property=\"og:url\" content=\"https:\/\/fieratur.novai.com.tr\/en\/fair-services\/\" \/>\n<meta property=\"og:site_name\" content=\"Fiera Tur | Uluslararas\u0131 ve Yurtd\u0131\u015f\u0131 Fuar Turlar\u0131\" \/>\n<meta property=\"article:modified_time\" content=\"2025-07-30T08:44:06+00:00\" \/>\n<meta name=\"twitter:card\" content=\"summary_large_image\" \/>\n<meta name=\"twitter:label1\" content=\"Est. reading time\" \/>\n\t<meta name=\"twitter:data1\" content=\"7 minutes\" \/>\n<script type=\"application\/ld+json\" class=\"yoast-schema-graph\">{\"@context\":\"https:\/\/schema.org\",\"@graph\":[{\"@type\":\"WebPage\",\"@id\":\"https:\/\/fieratur.novai.com.tr\/en\/fair-services\/\",\"url\":\"https:\/\/fieratur.novai.com.tr\/en\/fair-services\/\",\"name\":\"Fair Services - Fiera Tur | Uluslararas\u0131 ve Yurtd\u0131\u015f\u0131 Fuar Turlar\u0131\",\"isPartOf\":{\"@id\":\"https:\/\/fieratur.novai.com.tr\/en\/#website\"},\"datePublished\":\"2025-07-28T12:09:54+00:00\",\"dateModified\":\"2025-07-30T08:44:06+00:00\",\"description\":\"Please fill out the form below completely so that we can plan a special service for the fair organization you want to attend.\",\"breadcrumb\":{\"@id\":\"https:\/\/fieratur.novai.com.tr\/en\/fair-services\/#breadcrumb\"},\"inLanguage\":\"en-US\",\"potentialAction\":[{\"@type\":\"ReadAction\",\"target\":[\"https:\/\/fieratur.novai.com.tr\/en\/fair-services\/\"]}]},{\"@type\":\"BreadcrumbList\",\"@id\":\"https:\/\/fieratur.novai.com.tr\/en\/fair-services\/#breadcrumb\",\"itemListElement\":[{\"@type\":\"ListItem\",\"position\":1,\"name\":\"Home\",\"item\":\"https:\/\/fieratur.novai.com.tr\/en\/\"},{\"@type\":\"ListItem\",\"position\":2,\"name\":\"Fair Services\"}]},{\"@type\":\"WebSite\",\"@id\":\"https:\/\/fieratur.novai.com.tr\/en\/#website\",\"url\":\"https:\/\/fieratur.novai.com.tr\/en\/\",\"name\":\"Fiera Tur | Uluslararas\u0131 ve Yurtd\u0131\u015f\u0131 Fuar Turlar\u0131\",\"description\":\"Fiera Tur Web Sitesi\",\"publisher\":{\"@id\":\"https:\/\/fieratur.novai.com.tr\/en\/#organization\"},\"potentialAction\":[{\"@type\":\"SearchAction\",\"target\":{\"@type\":\"EntryPoint\",\"urlTemplate\":\"https:\/\/fieratur.novai.com.tr\/en\/?s={search_term_string}\"},\"query-input\":{\"@type\":\"PropertyValueSpecification\",\"valueRequired\":true,\"valueName\":\"search_term_string\"}}],\"inLanguage\":\"en-US\"},{\"@type\":\"Organization\",\"@id\":\"https:\/\/fieratur.novai.com.tr\/en\/#organization\",\"name\":\"Fiera Tur\",\"url\":\"https:\/\/fieratur.novai.com.tr\/en\/\",\"logo\":{\"@type\":\"ImageObject\",\"inLanguage\":\"en-US\",\"@id\":\"https:\/\/fieratur.novai.com.tr\/en\/#\/schema\/logo\/image\/\",\"url\":\"https:\/\/fieratur.com\/wp-content\/uploads\/2024\/08\/fieratur.png\",\"contentUrl\":\"https:\/\/fieratur.com\/wp-content\/uploads\/2024\/08\/fieratur.png\",\"width\":2810,\"height\":1503,\"caption\":\"Fiera Tur\"},\"image\":{\"@id\":\"https:\/\/fieratur.novai.com.tr\/en\/#\/schema\/logo\/image\/\"}}]}<\/script>\n<!-- \/ Yoast SEO plugin. -->","yoast_head_json":{"title":"Fair Services - Fiera Tur | Uluslararas\u0131 ve Yurtd\u0131\u015f\u0131 Fuar Turlar\u0131","description":"Please fill out the form below completely so that we can plan a special service for the fair organization you want to attend.","robots":{"index":"index","follow":"follow","max-snippet":"max-snippet:-1","max-image-preview":"max-image-preview:large","max-video-preview":"max-video-preview:-1"},"canonical":"https:\/\/fieratur.novai.com.tr\/en\/fair-services\/","og_locale":"en_US","og_type":"article","og_title":"Fair Services - Fiera Tur | Uluslararas\u0131 ve Yurtd\u0131\u015f\u0131 Fuar Turlar\u0131","og_description":"Please fill out the form below completely so that we can plan a special service for the fair organization you want to attend.","og_url":"https:\/\/fieratur.novai.com.tr\/en\/fair-services\/","og_site_name":"Fiera Tur | Uluslararas\u0131 ve Yurtd\u0131\u015f\u0131 Fuar Turlar\u0131","article_modified_time":"2025-07-30T08:44:06+00:00","twitter_card":"summary_large_image","twitter_misc":{"Est. reading time":"7 minutes"},"schema":{"@context":"https:\/\/schema.org","@graph":[{"@type":"WebPage","@id":"https:\/\/fieratur.novai.com.tr\/en\/fair-services\/","url":"https:\/\/fieratur.novai.com.tr\/en\/fair-services\/","name":"Fair Services - Fiera Tur | Uluslararas\u0131 ve Yurtd\u0131\u015f\u0131 Fuar Turlar\u0131","isPartOf":{"@id":"https:\/\/fieratur.novai.com.tr\/en\/#website"},"datePublished":"2025-07-28T12:09:54+00:00","dateModified":"2025-07-30T08:44:06+00:00","description":"Please fill out the form below completely so that we can plan a special service for the fair organization you want to attend.","breadcrumb":{"@id":"https:\/\/fieratur.novai.com.tr\/en\/fair-services\/#breadcrumb"},"inLanguage":"en-US","potentialAction":[{"@type":"ReadAction","target":["https:\/\/fieratur.novai.com.tr\/en\/fair-services\/"]}]},{"@type":"BreadcrumbList","@id":"https:\/\/fieratur.novai.com.tr\/en\/fair-services\/#breadcrumb","itemListElement":[{"@type":"ListItem","position":1,"name":"Home","item":"https:\/\/fieratur.novai.com.tr\/en\/"},{"@type":"ListItem","position":2,"name":"Fair Services"}]},{"@type":"WebSite","@id":"https:\/\/fieratur.novai.com.tr\/en\/#website","url":"https:\/\/fieratur.novai.com.tr\/en\/","name":"Fiera Tur | Uluslararas\u0131 ve Yurtd\u0131\u015f\u0131 Fuar Turlar\u0131","description":"Fiera Tur Web Sitesi","publisher":{"@id":"https:\/\/fieratur.novai.com.tr\/en\/#organization"},"potentialAction":[{"@type":"SearchAction","target":{"@type":"EntryPoint","urlTemplate":"https:\/\/fieratur.novai.com.tr\/en\/?s={search_term_string}"},"query-input":{"@type":"PropertyValueSpecification","valueRequired":true,"valueName":"search_term_string"}}],"inLanguage":"en-US"},{"@type":"Organization","@id":"https:\/\/fieratur.novai.com.tr\/en\/#organization","name":"Fiera Tur","url":"https:\/\/fieratur.novai.com.tr\/en\/","logo":{"@type":"ImageObject","inLanguage":"en-US","@id":"https:\/\/fieratur.novai.com.tr\/en\/#\/schema\/logo\/image\/","url":"https:\/\/fieratur.com\/wp-content\/uploads\/2024\/08\/fieratur.png","contentUrl":"https:\/\/fieratur.com\/wp-content\/uploads\/2024\/08\/fieratur.png","width":2810,"height":1503,"caption":"Fiera Tur"},"image":{"@id":"https:\/\/fieratur.novai.com.tr\/en\/#\/schema\/logo\/image\/"}}]}},"ticketed":false,"_links":{"self":[{"href":"https:\/\/fieratur.novai.com.tr\/en\/wp-json\/wp\/v2\/pages\/4588","targetHints":{"allow":["GET"]}}],"collection":[{"href":"https:\/\/fieratur.novai.com.tr\/en\/wp-json\/wp\/v2\/pages"}],"about":[{"href":"https:\/\/fieratur.novai.com.tr\/en\/wp-json\/wp\/v2\/types\/page"}],"author":[{"embeddable":true,"href":"https:\/\/fieratur.novai.com.tr\/en\/wp-json\/wp\/v2\/users\/1"}],"replies":[{"embeddable":true,"href":"https:\/\/fieratur.novai.com.tr\/en\/wp-json\/wp\/v2\/comments?post=4588"}],"version-history":[{"count":2,"href":"https:\/\/fieratur.novai.com.tr\/en\/wp-json\/wp\/v2\/pages\/4588\/revisions"}],"predecessor-version":[{"id":4591,"href":"https:\/\/fieratur.novai.com.tr\/en\/wp-json\/wp\/v2\/pages\/4588\/revisions\/4591"}],"wp:attachment":[{"href":"https:\/\/fieratur.novai.com.tr\/en\/wp-json\/wp\/v2\/media?parent=4588"}],"curies":[{"name":"wp","href":"https:\/\/api.w.org\/{rel}","templated":true}]}}